{"id":1377,"date":"2025-01-22T14:46:51","date_gmt":"2025-01-22T13:46:51","guid":{"rendered":"https:\/\/abk6-cognac.com\/sample-page\/"},"modified":"2025-02-03T17:38:07","modified_gmt":"2025-02-03T16:38:07","slug":"sample-page","status":"publish","type":"page","link":"https:\/\/www.abk6-cognac.com\/zh-hans\/sample-page\/","title":{"rendered":"ABK6\u5e72\u9091"},"content":{"rendered":"","protected":false},"excerpt":{"rendered":"","protected":false},"author":6,"featured_media":1569,"parent":0,"menu_order":0,"comment_status":"closed","ping_status":"closed","template":"","meta":{"_acf_changed":false,"_seopress_robots_primary_cat":"","_seopress_titles_title":"ABK6\u00a0: L'art du Single Estate Cognac sign\u00e9 Francis Ab\u00e9cassis","_seopress_titles_desc":"ABK6 : Single Estate Cognac, une signature Francis Ab\u00e9cassis. D\u00e9couvrez nos cognacs d'exception, reflet de notre passion et de notre savoir-faire familial.","_seopress_robots_index":"","_et_pb_use_builder":"off","_et_pb_old_content":"","_et_gb_content_width":"","footnotes":""},"class_list":["post-1377","page","type-page","status-publish","has-post-thumbnail"],"acf":[],"_links":{"self":[{"href":"https:\/\/www.abk6-cognac.com\/zh-hans\/wp-json\/wp\/v2\/pages\/1377","targetHints":{"allow":["GET"]}}],"collection":[{"href":"https:\/\/www.abk6-cognac.com\/zh-hans\/wp-json\/wp\/v2\/pages"}],"about":[{"href":"https:\/\/www.abk6-cognac.com\/zh-hans\/wp-json\/wp\/v2\/types\/page"}],"author":[{"embeddable":true,"href":"https:\/\/www.abk6-cognac.com\/zh-hans\/wp-json\/wp\/v2\/users\/6"}],"replies":[{"embeddable":true,"href":"https:\/\/www.abk6-cognac.com\/zh-hans\/wp-json\/wp\/v2\/comments?post=1377"}],"version-history":[{"count":0,"href":"https:\/\/www.abk6-cognac.com\/zh-hans\/wp-json\/wp\/v2\/pages\/1377\/revisions"}],"wp:featuredmedia":[{"embeddable":true,"href":"https:\/\/www.abk6-cognac.com\/zh-hans\/wp-json\/wp\/v2\/media\/1569"}],"wp:attachment":[{"href":"https:\/\/www.abk6-cognac.com\/zh-hans\/wp-json\/wp\/v2\/media?parent=1377"}],"curies":[{"name":"wp","href":"https:\/\/api.w.org\/{rel}","templated":true}]}}